{"id":805,"date":"2015-05-22T11:14:33","date_gmt":"2015-05-22T09:14:33","guid":{"rendered":"https:\/\/teslab.it\/privacy\/"},"modified":"2015-05-22T11:14:33","modified_gmt":"2015-05-22T09:14:33","slug":"privacy","status":"publish","type":"page","link":"https:\/\/teslab.it\/en\/privacy\/","title":{"rendered":"Privacy"},"content":{"rendered":"<p>Privacy Policy \u2013 Informativa in materia di protezione dei dati personali<br \/>(art. 13 D.Lgs. 30.06.2003 n. 196)<\/p>\n<p>In questa pagina si descrivono le modalit\u00e0 di gestione del sito in riferimento al trattamento dei dati personali degli utenti che lo consultano.<br \/>Si tratta di una informativa che \u00e8 resa anche ai sensi dell\u2019art. 13 del D.Lgs. 30.06.2003 n. 196 \u2013 Codice in materia di protezione dei dati personali a coloro che interagiscono con i servizi web del presente sito per la protezione dei dati personali, accessibili per via telematica a partire dall\u2019indirizzo: www.teslab.it corrispondente alla pagina iniziale del sito.<br \/>L\u2019informativa \u00e8 resa solo per il presente sito e non anche per altri siti web collegati tramite link a questo sito che l\u2019utente pu\u00f2 eventualmente consultare. I siti web esterni collegati potrebbero avere una politica della privacy diversa da quella riportata nel presente sito.<br \/>L\u2019informativa si ispira anche alla Raccomandazione n. 2\/2001 che le autorit\u00e0 europee per la protezione dei dati personali, riunite nel Gruppo istituito dall\u2019art. 29 della direttiva n. 95\/46\/CE , hanno adottato il 17 maggio 2001 per individuare alcuni requisiti minimi per la raccolta di dati personali on-line, e, in particolare, le modalit\u00e0, i tempi e la natura delle informazioni che i titolari del trattamento devono fornire agli utenti quando questi si collegano a pagine web, indipendentemente dagli scopi del collegamento.<\/p>\n<p>IL \u201cTITOLARE\u201d DEL TRATTAMENTO<br \/>A seguito della consultazione di questo sito possono essere trattati dati relativi a persone identificate o identificabili.<br \/>Il \u201ctitolare\u201d del loro trattamento \u00e8 TesLab S.r.L che ha sede in Via delle Cateratte , 84 Livorno.<\/p>\n<p>LUOGO DI TRATTAMENTO DEI DATI<br \/>I trattamenti connessi ai servizi web di questo sito hanno luogo presso la predetta sede del Titolare e sono curati solo da personale tecnico incaricato del trattamento, oppure da eventuali incaricati di occasionali operazioni di manutenzione.<br \/>Nessun dato derivante dal servizio web viene comunicato o diffuso.<br \/>I dati personali forniti dagli utenti che inoltrano richieste di iscrizione o informazione sito sono utilizzati al solo fine di eseguire il servizio o la prestazione richiesta e sono comunicati a terzi nel solo caso in cui ci\u00f2 sia a tal fine necessario.<\/p>\n<p>TIPI DI DATI TRATTATI<br \/>Dati di navigazione<br \/>I sistemi informatici e le procedure software preposte al funzionamento di questo sito web acquisiscono, nel corso del loro normale esercizio, alcuni dati personali la cui trasmissione \u00e8 implicita nell\u2019uso dei protocolli di comunicazione di Internet.<br \/>Si tratta di informazioni che non sono raccolte per essere associate a interessati identificati, ma che per loro stessa natura potrebbero, attraverso elaborazioni ed associazioni con dati detenuti da terzi, permettere di identificare gli utenti.<br \/>In questa categoria di dati rientrano gli indirizzi IP o i nomi a dominio dei computer utilizzati dagli utenti che si connettono al sito, gli indirizzi in notazione URI (Uniform Resource Identifier) delle risorse richieste, l\u2019orario della richiesta, il metodo utilizzato nel sottoporre la richiesta al server, la dimensione del file ottenuto in risposta, il codice numerico indicante lo stato della risposta data dal server (buon fine, errore, ecc.) ed altri parametri relativi al sistema operativo e all\u2019ambiente informatico dell\u2019utente.<br \/>Questi dati vengono utilizzati al solo fine di ricavare informazioni statistiche anonime sull\u2019uso del sito e per controllarne il corretto funzionamento e vengono cancellati immediatamente dopo l\u2019elaborazione. I dati potrebbero essere utilizzati per l\u2019accertamento di responsabilit\u00e0 in caso di ipotetici reati informatici ai danni del sito: salva questa eventualit\u00e0, allo stato i dati sui contatti web non persistono per pi\u00f9 di sette giorni.<br \/>Dati forniti volontariamente dall\u2019utente<br \/>L\u2019invio facoltativo, esplicito e volontario di posta elettronica agli indirizzi indicati su questo sito comporta la successiva acquisizione dell\u2019indirizzo del mittente, necessario per rispondere alle richieste, nonch\u00e9 degli eventuali altri dati personali inseriti nella missiva.<br \/>Specifiche informative di sintesi verranno progressivamente riportate o visualizzate nelle pagine del sito predisposte per particolari servizi a richiesta.<br \/>L\u2019utilizzo del sito pu\u00f2 richiedere altres\u00ec la comunicazione di qualunque informazione relativa a persona fisica, persona giuridica, ente od associazione, identificati o identificabili, anche indirettamente mediante riferimento a qualsiasi altra informazione, ivi compreso un numero di identificazione personale, quale in via esemplificativa ma non esaustiva nome, sesso, indirizzo, numero telefonico, indirizzo email, dati bancari ed ogni altra informazione che permetta l\u2019identificazione dell\u2019utente in qualsiasi momento attraverso l\u2019utilizzo del sito web.<br \/>Si tratta in ogni caso di dati personali necessari per l\u2019utilizzo del servizio.<br \/>Il \u201ctitolare\u201d pu\u00f2 venire a conoscenza di tali dati mediante l\u2019inserimento delle informazioni relative all\u2019account personale dell\u2019utente al fine della registrazione ed iscrizione al sito.<\/p>\n<p>COOKIES<br \/>Utilizzo dei cookies<\/p>\n<p>Al fine di rendere i propri servizi il pi\u00f9 possibile efficienti e semplici da utilizzare questo Sito fa uso di cookies. Pertanto, quando si visita il Sito, viene inserita una quantit\u00e0 minima di informazioni nel dispositivo dell&#8217;Utente, come piccoli file di testo chiamati &#8220;cookie&#8221;, che vengono salvati nella directory del browser Web dell&#8217;Utente. Esistono diversi tipi di cookie, ma sostanzialmente lo scopo principale di un cookie \u00e8 quello di far funzionare pi\u00f9 efficacemente il Sito e di abilitarne determinate funzionalit\u00e0.<br \/>\u00a0<br \/>I cookie sono utilizzati per migliorare la navigazione globale dell&#8217;Utente. In particolare:<\/p>\n<p>Consentono di navigare in modo efficiente da una pagina all&#8217;altra del sito Web.<\/p>\n<p>Memorizzano il nome utente e le preferenze inserite.<\/p>\n<p>Consentono di evitare di inserire le stesse informazioni (come nome utente e password) pi\u00f9 volte durante la visita.<\/p>\n<p>Misurano l&#8217;utilizzo dei servizi da parte degli Utenti, per ottimizzare l&#8217;esperienza di navigazione e i servizi stessi.<\/p>\n<p>Presentano informazioni pubblicitarie mirate in funzione degli interessi e del comportamento manifestato dall&#8217;Utente durante la navigazione.<\/p>\n<p>Esistono vari tipi di cookie. Qui di seguito sono riportati i tipi cookie che possono essere utilizzati nel Sito con una descrizione della finalit\u00e0 legata all&#8217;uso.<\/p>\n<p>Cookie tecnici<\/p>\n<p>I cookie di questo tipo sono necessari per il corretto funzionamento di alcune aree del sito. I cookie di questa categoria comprendono sia cookie persistenti che cookie di sessione. In assenza di tali cookie, il sito o alcune porzioni di esso potrebbero non funzionare correttamente. Pertanto, vengono sempre utilizzati, indipendentemente dalle preferenze dall&#8217;utente. I cookie di questa categoria vengono sempre inviati dal nostro dominio.<\/p>\n<p>Cookie analitici<\/p>\n<p>I cookie di questo tipo vengono utilizzati per raccogliere informazioni sull&#8217;utilizzo del sito. Il Titolare usa tali informazioni per analisi statistiche, per migliorare il sito e semplificarne l&#8217;utilizzo, oltre che per monitorarne il corretto funzionamento. Questo tipo di cookie raccoglie informazioni in forma anonima sull&#8217;attivit\u00e0 degli utenti nel sito e sul modo in cui sono arrivati al Sito e alle pagine visitate. I cookie di questa categoria vengono inviati dal Sito stesso o da domini di terze parti.<\/p>\n<p>Cookie di rilevamento di terze parti<\/p>\n<p>I cookie di questo tipo vengono utilizzati per raccogliere informazioni sull&#8217;utilizzo del sito Web da parte dei visitatori, le parole chiave usate per raggiungere il sito, i siti Web visitati e le origini del traffico da cui provengono i visitatori per le campagne di marketing. Il titolare pu\u00f2 utilizzare tali informazioni per compilare rapporti e migliorare il Sito. I cookie raccolgono informazioni in forma anonima. I cookie di questo tipo vengono inviati dal Sito stesso o da domini di terze parti.<\/p>\n<p>Cookie per l&#8217;integrazione di funzionalit\u00e0 di terze parti<\/p>\n<p>I cookie di questo tipo vengono utilizzati per integrare funzionalit\u00e0 di terze parti nel Sito (ad esempio, moduli per i commenti o icone di social network che consentono ai visitatori di condividere il contenuto del sito). I cookie di questa categoria possono essere inviati dai domini dei siti partner o che comunque offrono le funzionalit\u00e0 presenti nel sito.<\/p>\n<p>Questo sito non installa cookie di profilazione: questi sono cookie utilizzati per tracciare la navigazione dell\u2019utente in rete e creare profili sui suoi gusti, abitudini, scelte, ecc. in base alle sua navigazioni in diversi siti, alle sue ricerche. Tramite questi cookie possono essere trasmessi al terminale dell\u2019utente messaggi pubblicitari in linea con le preferenze gi\u00e0 manifestate dallo stesso utente nella navigazione: per esempio in Google Ads.<\/p>\n<p>Il Titolare non \u00e8 tenuto a richiedere il consenso dell&#8217;utente per i cookie tecnici, poich\u00e9 questi sono strettamente necessari per la fornitura del servizio.<\/p>\n<p>Per le altre tipologie di cookie il consenso pu\u00f2 essere espresso dall&#8217;Utente, conformemente alla normativa vigente, mediante specifiche configurazioni del browser e di programmi informatici o di dispositivi che siano di facile e chiara utilizzabilit\u00e0 per l&#8217;Utente. Il Titolare ricorda all&#8217;Utente che \u00e8 possibile modificare le preferenze relative ai cookie in qualsiasi momento. \u00c8 anche possibile disabilitare in qualsiasi momento i cookie dal browser , ma questa operazione potrebbe impedire all&#8217;Utente di utilizzare alcune parti del Sito.<\/p>\n<p>Siti Web di terze parti<\/p>\n<p>Il sito di contiene collegamenti ad altri siti Web che dispongono di una propria informativa sulla privacy. Queste informative sulla privacy possono essere diverse da quella adottata dal Titolare, che quindi non risponde per Siti di terze parti.<\/p>\n<p>Ai sensi dell&#8217;art. 122 secondo comma del D.lgs. 196\/2003 il consenso all&#8217;utilizzo di tali cookie \u00e8 espresso dall&#8217;interessato mediante il settaggio individuale che ha scelto liberamente per il browser utilizzato per la navigazione nel sito, ferma restando la facolt\u00e0 dell&#8217;utente di comunicare in ogni momento al Titolare del trattamento la propria volont\u00e0 in merito ad dati gestiti per il tramite dei cookie che il browser stesso abbia accettato.<\/p>\n<p>Disattivare i cookie<\/p>\n<p>Internet Explorer (da 6.0 a 9.0)<br \/>Cliccare su \u201cStrumenti\u201d nella barra del men\u00f9 (in alto sul browser), selezionare \u201cOpzioni Internet\u201d, andare sulla scheda \u201cPrivacy\u201d. Per vedere attivi i cookie nel browser, assicurarsi che il livello di privacy sia impostato su Medio o inferiore. Impostando il livello di privacy al di sopra di Medio disattiverete l\u2019utilizzo dei cookie.<br \/>Firefox<br \/>Cliccare su \u201cStrumenti\u201d nella barra del men\u00f9 (in alto sul browser), selezionare \u201cOpzioni\u201d, successivamente click sulla scheda \u201cPrivacy\u201d. Modificare le impostazioni, incluso decidere di attivare l\u2019antitracciamento.<br \/>Oppure installa l\u2019estensione Ghostery (<a href=\"https:\/\/addons.mozilla.org\/it\/firefox\/addon\/ghostery\/\">https:\/\/addons.mozilla.org\/it\/firefox\/addon\/ghostery\/<\/a>)<br \/>Chrome<br \/>digitate chrome:\/\/settings\/content per accedere alla gestione dei cookie ed eccezioni.<br \/>Safari<br \/>Selezionare la voce \u201cPreferenze\u201d e scegliere \u201cPrivacy\u201d. Nella sezione Blocca Cookie indicare in che modo Safari deve accettare i cookie dai siti internet.<\/p>\n<p>Continuando la navigazione senza aver disattivato i cookie si d\u00e0 implicitamente il consenso al loro utilizzo. Per far scomparire il banner che avvisa dei cookie, cliccare sul pulsante \u201cOk\u201d.<\/p>\n<p>FACOLTATIVITA\u2019 DEL CONFERIMENTO DEI DATI<br \/>A parte quanto specificato per i dati di navigazione, l\u2019utente \u00e8 libero di fornire i dati personali riportati nei moduli di accettazione\/iscrizione\/informazione al sito al Titolare o comunque indicati nella pagina di contatto di questo sito per sollecitare la prestazione dei servizi richiesti.<br \/>Il loro mancato conferimento pu\u00f2 comportare l\u2019impossibilit\u00e0 di ottenere quanto richiesto.<\/p>\n<p>MODALITA\u2019 DEL TRATTAMENTO<br \/>I dati personali sono trattati con strumenti automatizzati per il tempo strettamente necessario a conseguire gli scopi per cui sono stati raccolti.<br \/>Specifiche misure di sicurezza sono osservate per prevenire la perdita dei dati, usi illeciti o non corretti ed accessi non autorizzati.<\/p>\n<p>FINALITA\u2019 DEL TRATTAMENTO<br \/>I dati conferiti volontariamente dall\u2019utente potranno essere trattati esclusivamente per le seguenti finalit\u00e0:<br \/>&#8211; registrazione, attivazione e mantenimento account;<br \/>&#8211; i dati resi anonimi sono utilizzati, anche in forma aggregata al fine di elaborare studi e statistiche.<br \/>I dati personali verranno trattati mediante strumenti elettronici e manuali, con modalit\u00e0 compatibili alle finalit\u00e0 dello stesso, tali da garantire la riservatezza, la sicurezza e l\u2019integrit\u00e0 dei dati.<\/p>\n<p>COMUNICAZIONE DEI DATI A TERZI<br \/>Il \u201ctitolare\u201d si riserva la facolt\u00e0 di comunicare i dati personali conferiti dallo utente a:<br \/>&#8211; forze dell\u2019ordine, pubbliche autorit\u00e0 o consulenti legali in relazione a presunti reati o violazioni delle condizioni di utilizzo, ovvero nei casi previsti dalla legge.<\/p>\n<p>DIRITTI DEGLI INTERESSATI<br \/>I soggetti cui si riferiscono i dati personali hanno il diritto in qualunque momento di ottenere la conferma dell\u2019esistenza o meno dei medesimi dati e di conoscerne il contenuto e l\u2019origine, verificarne l\u2019esattezza o chiederne l\u2019integrazione o l\u2019aggiornamento, oppure la rettificazione (art. 7 del d.lgs. n. 196\/2003).<br \/>Ai sensi del medesimo articolo si ha il diritto di chiedere la cancellazione, la trasformazione in forma anonima o il blocco dei dati trattati in violazione di legge, nonch\u00e9 di opporsi in ogni caso, per motivi legittimi, al loro trattamento.<br \/>Le richieste vanno rivolte al Titolare del Trattamento.<\/p>\n<p>&nbsp;<\/p>\n","protected":false},"excerpt":{"rendered":"<p>Privacy Policy \u2013 Informativa in materia di protezione dei dati personali(art. 13 D.Lgs. 30.06.2003 n. 196) In questa pagina si descrivono le modalit\u00e0 di gestione del sito in riferimento al trattamento dei dati personali degli utenti che lo consultano.Si tratta di una informativa che \u00e8 resa anche ai sensi dell\u2019art. 13 del D.Lgs. 30.06.2003 n. &hellip;<\/p>\n","protected":false},"author":1,"featured_media":0,"parent":0,"menu_order":0,"comment_status":"closed","ping_status":"closed","template":"","meta":{"_acf_changed":false,"footnotes":""},"class_list":["post-805","page","type-page","status-publish","hentry"],"acf":[],"yoast_head":"<!-- This site is optimized with the Yoast SEO plugin v27.3 - https:\/\/yoast.com\/product\/yoast-seo-wordpress\/ -->\n<title>Privacy - Teslab<\/title>\n<meta name=\"description\" content=\"Privacy Policy \u2013 Informativa in materia di protezione dei dati personali(art. 13 D.Lgs. 30.06.2003 n. 196)In questa pagina si descrivono le modalit\u00e0 di\" \/>\n<meta name=\"robots\" content=\"index, nofollow, max-snippet:-1, max-image-preview:large, max-video-preview:-1\" \/>\n<link rel=\"canonical\" href=\"https:\/\/teslab.it\/en\/privacy\/\" \/>\n<meta property=\"og:locale\" content=\"en_US\" \/>\n<meta property=\"og:type\" content=\"article\" \/>\n<meta property=\"og:title\" content=\"Privacy - Teslab\" \/>\n<meta property=\"og:description\" content=\"Privacy Policy \u2013 Informativa in materia di protezione dei dati personali(art. 13 D.Lgs. 30.06.2003 n. 196)In questa pagina si descrivono le modalit\u00e0 di\" \/>\n<meta property=\"og:url\" content=\"https:\/\/teslab.it\/en\/privacy\/\" \/>\n<meta property=\"og:site_name\" content=\"Teslab\" \/>\n<meta name=\"twitter:card\" content=\"summary_large_image\" \/>\n<meta name=\"twitter:label1\" content=\"Est. reading time\" \/>\n\t<meta name=\"twitter:data1\" content=\"10 minutes\" \/>\n<script type=\"application\/ld+json\" class=\"yoast-schema-graph\">{\"@context\":\"https:\\\/\\\/schema.org\",\"@graph\":[{\"@type\":\"WebPage\",\"@id\":\"https:\\\/\\\/teslab.it\\\/en\\\/privacy\\\/\",\"url\":\"https:\\\/\\\/teslab.it\\\/en\\\/privacy\\\/\",\"name\":\"Privacy - Teslab\",\"isPartOf\":{\"@id\":\"https:\\\/\\\/teslab.it\\\/en\\\/#website\"},\"datePublished\":\"2015-05-22T09:14:33+00:00\",\"description\":\"Privacy Policy \u2013 Informativa in materia di protezione dei dati personali(art. 13 D.Lgs. 30.06.2003 n. 196)In questa pagina si descrivono le modalit\u00e0 di\",\"breadcrumb\":{\"@id\":\"https:\\\/\\\/teslab.it\\\/en\\\/privacy\\\/#breadcrumb\"},\"inLanguage\":\"en-US\",\"potentialAction\":[{\"@type\":\"ReadAction\",\"target\":[\"https:\\\/\\\/teslab.it\\\/en\\\/privacy\\\/\"]}]},{\"@type\":\"BreadcrumbList\",\"@id\":\"https:\\\/\\\/teslab.it\\\/en\\\/privacy\\\/#breadcrumb\",\"itemListElement\":[{\"@type\":\"ListItem\",\"position\":1,\"name\":\"Home\",\"item\":\"https:\\\/\\\/teslab.it\\\/en\\\/\"},{\"@type\":\"ListItem\",\"position\":2,\"name\":\"Privacy\"}]},{\"@type\":\"WebSite\",\"@id\":\"https:\\\/\\\/teslab.it\\\/en\\\/#website\",\"url\":\"https:\\\/\\\/teslab.it\\\/en\\\/\",\"name\":\"Teslab\",\"description\":\"Indipendent testing and consulting laboratory\",\"publisher\":{\"@id\":\"https:\\\/\\\/teslab.it\\\/en\\\/#organization\"},\"potentialAction\":[{\"@type\":\"SearchAction\",\"target\":{\"@type\":\"EntryPoint\",\"urlTemplate\":\"https:\\\/\\\/teslab.it\\\/en\\\/?s={search_term_string}\"},\"query-input\":{\"@type\":\"PropertyValueSpecification\",\"valueRequired\":true,\"valueName\":\"search_term_string\"}}],\"inLanguage\":\"en-US\"},{\"@type\":\"Organization\",\"@id\":\"https:\\\/\\\/teslab.it\\\/en\\\/#organization\",\"name\":\"Teslab\",\"url\":\"https:\\\/\\\/teslab.it\\\/en\\\/\",\"logo\":{\"@type\":\"ImageObject\",\"inLanguage\":\"en-US\",\"@id\":\"https:\\\/\\\/teslab.it\\\/en\\\/#\\\/schema\\\/logo\\\/image\\\/\",\"url\":\"https:\\\/\\\/teslab.it\\\/_mamawp\\\/wp-content\\\/uploads\\\/2022\\\/04\\\/screenshot-2-880x660-1.png\",\"contentUrl\":\"https:\\\/\\\/teslab.it\\\/_mamawp\\\/wp-content\\\/uploads\\\/2022\\\/04\\\/screenshot-2-880x660-1.png\",\"width\":880,\"height\":660,\"caption\":\"Teslab\"},\"image\":{\"@id\":\"https:\\\/\\\/teslab.it\\\/en\\\/#\\\/schema\\\/logo\\\/image\\\/\"}}]}<\/script>\n<!-- \/ Yoast SEO plugin. -->","yoast_head_json":{"title":"Privacy - Teslab","description":"Privacy Policy \u2013 Informativa in materia di protezione dei dati personali(art. 13 D.Lgs. 30.06.2003 n. 196)In questa pagina si descrivono le modalit\u00e0 di","robots":{"index":"index","follow":"nofollow","max-snippet":"max-snippet:-1","max-image-preview":"max-image-preview:large","max-video-preview":"max-video-preview:-1"},"canonical":"https:\/\/teslab.it\/en\/privacy\/","og_locale":"en_US","og_type":"article","og_title":"Privacy - Teslab","og_description":"Privacy Policy \u2013 Informativa in materia di protezione dei dati personali(art. 13 D.Lgs. 30.06.2003 n. 196)In questa pagina si descrivono le modalit\u00e0 di","og_url":"https:\/\/teslab.it\/en\/privacy\/","og_site_name":"Teslab","twitter_card":"summary_large_image","twitter_misc":{"Est. reading time":"10 minutes"},"schema":{"@context":"https:\/\/schema.org","@graph":[{"@type":"WebPage","@id":"https:\/\/teslab.it\/en\/privacy\/","url":"https:\/\/teslab.it\/en\/privacy\/","name":"Privacy - Teslab","isPartOf":{"@id":"https:\/\/teslab.it\/en\/#website"},"datePublished":"2015-05-22T09:14:33+00:00","description":"Privacy Policy \u2013 Informativa in materia di protezione dei dati personali(art. 13 D.Lgs. 30.06.2003 n. 196)In questa pagina si descrivono le modalit\u00e0 di","breadcrumb":{"@id":"https:\/\/teslab.it\/en\/privacy\/#breadcrumb"},"inLanguage":"en-US","potentialAction":[{"@type":"ReadAction","target":["https:\/\/teslab.it\/en\/privacy\/"]}]},{"@type":"BreadcrumbList","@id":"https:\/\/teslab.it\/en\/privacy\/#breadcrumb","itemListElement":[{"@type":"ListItem","position":1,"name":"Home","item":"https:\/\/teslab.it\/en\/"},{"@type":"ListItem","position":2,"name":"Privacy"}]},{"@type":"WebSite","@id":"https:\/\/teslab.it\/en\/#website","url":"https:\/\/teslab.it\/en\/","name":"Teslab","description":"Indipendent testing and consulting laboratory","publisher":{"@id":"https:\/\/teslab.it\/en\/#organization"},"potentialAction":[{"@type":"SearchAction","target":{"@type":"EntryPoint","urlTemplate":"https:\/\/teslab.it\/en\/?s={search_term_string}"},"query-input":{"@type":"PropertyValueSpecification","valueRequired":true,"valueName":"search_term_string"}}],"inLanguage":"en-US"},{"@type":"Organization","@id":"https:\/\/teslab.it\/en\/#organization","name":"Teslab","url":"https:\/\/teslab.it\/en\/","logo":{"@type":"ImageObject","inLanguage":"en-US","@id":"https:\/\/teslab.it\/en\/#\/schema\/logo\/image\/","url":"https:\/\/teslab.it\/_mamawp\/wp-content\/uploads\/2022\/04\/screenshot-2-880x660-1.png","contentUrl":"https:\/\/teslab.it\/_mamawp\/wp-content\/uploads\/2022\/04\/screenshot-2-880x660-1.png","width":880,"height":660,"caption":"Teslab"},"image":{"@id":"https:\/\/teslab.it\/en\/#\/schema\/logo\/image\/"}}]}},"_links":{"self":[{"href":"https:\/\/teslab.it\/en\/wp-json\/wp\/v2\/pages\/805","targetHints":{"allow":["GET"]}}],"collection":[{"href":"https:\/\/teslab.it\/en\/wp-json\/wp\/v2\/pages"}],"about":[{"href":"https:\/\/teslab.it\/en\/wp-json\/wp\/v2\/types\/page"}],"author":[{"embeddable":true,"href":"https:\/\/teslab.it\/en\/wp-json\/wp\/v2\/users\/1"}],"replies":[{"embeddable":true,"href":"https:\/\/teslab.it\/en\/wp-json\/wp\/v2\/comments?post=805"}],"version-history":[{"count":0,"href":"https:\/\/teslab.it\/en\/wp-json\/wp\/v2\/pages\/805\/revisions"}],"wp:attachment":[{"href":"https:\/\/teslab.it\/en\/wp-json\/wp\/v2\/media?parent=805"}],"curies":[{"name":"wp","href":"https:\/\/api.w.org\/{rel}","templated":true}]}}