{"id":803,"date":"2015-05-23T09:40:46","date_gmt":"2015-05-23T07:40:46","guid":{"rendered":"https:\/\/teslab.it\/teslab-e-nicola-tesla\/"},"modified":"2018-06-27T13:33:45","modified_gmt":"2018-06-27T11:33:45","slug":"teslab-e-nicola-tesla","status":"publish","type":"page","link":"https:\/\/teslab.it\/en\/teslab-e-nicola-tesla\/","title":{"rendered":"TesLab and Nikola Tesla"},"content":{"rendered":"<p>In the year 2002 three employees of the Protecno laboratories of Pisa decided to exploit their experience in the field of testing to create their own entrepreneurial project. One of the first problem was posed for the choice of the name to be given to the new society. The three immediately agreed that the name Testlab would have been too trivial and not very personal but that, with the simple loss of a consonant, they would have obtained an assonance with the name of one of the greatest inventors and scientists of the last century: Nikola Tesla. This is how the Teslab laboratory was born.<br \/>\nTesla is certainly known to most people for his studies on alternating current and for his fierce rivalry with another genius of the &#8216;900, Thomas Edison, but perhaps what not everyone knows is that Tesla worked for years in the field of electromagnetism applied. In fact, he believed it was feasible to transmit electrical energy over long distances without using electric cables but instead taking advantage of the Earth&#8217;s property that at certain voltages and frequencies behaves like an excellent conductor of electromagnetic energy. As part of this research he produced the Tesla coils of which we see a photograph of the time<\/p>\n<p><a href=\"https:\/\/teslab.it\/_mamawp\/wp-content\/uploads\/2015\/05\/nikola-tesla-and-his-wardenclyffe-tower-and-laboratory4.jpg\"><img loading=\"lazy\" decoding=\"async\" class=\"alignnone size-full wp-image-259\" src=\"https:\/\/teslab.it\/_mamawp\/wp-content\/uploads\/2015\/05\/nikola-tesla-and-his-wardenclyffe-tower-and-laboratory4.jpg\" alt=\"nikola-tesla-and-his-wardenclyffe-tower-and-laboratory4\" width=\"610\" height=\"490\" srcset=\"https:\/\/teslab.it\/_mamawp\/wp-content\/uploads\/2015\/05\/nikola-tesla-and-his-wardenclyffe-tower-and-laboratory4.jpg 610w, https:\/\/teslab.it\/_mamawp\/wp-content\/uploads\/2015\/05\/nikola-tesla-and-his-wardenclyffe-tower-and-laboratory4-550x442.jpg 550w\" sizes=\"auto, (max-width: 610px) 100vw, 610px\" \/><\/a><\/p>\n<p>Nikola Tesla all&#8217;interno del suo laboratorio a Colorado Springs<\/p>\n<p>La sua importanza fu anche riconosciuta nella <i>Conf\u00e9rence G\u00e9n\u00e9rale des Poids et Mesures<\/i> del 1960\u00a0in cui fu intitolata a suo nome l&#8217;unit\u00e0 del \u00a0<a class=\"mw-redirect\" title=\"Sistema Internazionale di unit\u00e0 di misura\" href=\"http:\/\/it.wikipedia.org\/wiki\/Sistema_Internazionale_di_unit%C3%A0_di_misura\">Sistema Internazionale<\/a> di misura dell&#8217;<a title=\"Campo magnetico\" href=\"http:\/\/it.wikipedia.org\/wiki\/Campo_magnetico\">induzione magnetica<\/a><\/p>\n<p>&nbsp;<\/p>\n","protected":false},"excerpt":{"rendered":"<p>In the year 2002 three employees of the Protecno laboratories of Pisa decided to exploit their experience in the field of testing to create their own entrepreneurial project. One of the first problem was posed for the choice of the name to be given to the new society. The three immediately agreed that the name &hellip;<\/p>\n","protected":false},"author":1,"featured_media":804,"parent":0,"menu_order":0,"comment_status":"closed","ping_status":"closed","template":"","meta":{"_acf_changed":false,"footnotes":""},"class_list":["post-803","page","type-page","status-publish","has-post-thumbnail","hentry"],"acf":[],"yoast_head":"<!-- This site is optimized with the Yoast SEO plugin v27.3 - https:\/\/yoast.com\/product\/yoast-seo-wordpress\/ -->\n<title>Teslab e Nikola Tesla<\/title>\n<meta name=\"description\" content=\"In the year 2002 three employees of the Protecno laboratories of Pisa decided to exploit their experience in the field of testing to create their own\" \/>\n<meta name=\"robots\" content=\"index, follow, max-snippet:-1, max-image-preview:large, max-video-preview:-1\" \/>\n<link rel=\"canonical\" href=\"https:\/\/teslab.it\/en\/teslab-e-nicola-tesla\/\" \/>\n<meta property=\"og:locale\" content=\"en_US\" \/>\n<meta property=\"og:type\" content=\"article\" \/>\n<meta property=\"og:title\" content=\"Teslab e Nikola Tesla\" \/>\n<meta property=\"og:description\" content=\"In the year 2002 three employees of the Protecno laboratories of Pisa decided to exploit their experience in the field of testing to create their own\" \/>\n<meta property=\"og:url\" content=\"https:\/\/teslab.it\/en\/teslab-e-nicola-tesla\/\" \/>\n<meta property=\"og:site_name\" content=\"Teslab\" \/>\n<meta property=\"article:modified_time\" content=\"2018-06-27T11:33:45+00:00\" \/>\n<meta property=\"og:image\" content=\"https:\/\/teslab.it\/_mamawp\/wp-content\/uploads\/2015\/05\/tesla-nicola.jpg\" \/>\n\t<meta property=\"og:image:width\" content=\"1200\" \/>\n\t<meta property=\"og:image:height\" content=\"1200\" \/>\n\t<meta property=\"og:image:type\" content=\"image\/jpeg\" \/>\n<meta name=\"twitter:card\" content=\"summary_large_image\" \/>\n<meta name=\"twitter:label1\" content=\"Est. reading time\" \/>\n\t<meta name=\"twitter:data1\" content=\"1 minute\" \/>\n<script type=\"application\/ld+json\" class=\"yoast-schema-graph\">{\"@context\":\"https:\\\/\\\/schema.org\",\"@graph\":[{\"@type\":\"WebPage\",\"@id\":\"https:\\\/\\\/teslab.it\\\/en\\\/teslab-e-nicola-tesla\\\/\",\"url\":\"https:\\\/\\\/teslab.it\\\/en\\\/teslab-e-nicola-tesla\\\/\",\"name\":\"Teslab e Nikola Tesla\",\"isPartOf\":{\"@id\":\"https:\\\/\\\/teslab.it\\\/en\\\/#website\"},\"primaryImageOfPage\":{\"@id\":\"https:\\\/\\\/teslab.it\\\/en\\\/teslab-e-nicola-tesla\\\/#primaryimage\"},\"image\":{\"@id\":\"https:\\\/\\\/teslab.it\\\/en\\\/teslab-e-nicola-tesla\\\/#primaryimage\"},\"thumbnailUrl\":\"https:\\\/\\\/teslab.it\\\/_mamawp\\\/wp-content\\\/uploads\\\/2015\\\/05\\\/tesla-nicola.jpg\",\"datePublished\":\"2015-05-23T07:40:46+00:00\",\"dateModified\":\"2018-06-27T11:33:45+00:00\",\"description\":\"In the year 2002 three employees of the Protecno laboratories of Pisa decided to exploit their experience in the field of testing to create their own\",\"breadcrumb\":{\"@id\":\"https:\\\/\\\/teslab.it\\\/en\\\/teslab-e-nicola-tesla\\\/#breadcrumb\"},\"inLanguage\":\"en-US\",\"potentialAction\":[{\"@type\":\"ReadAction\",\"target\":[\"https:\\\/\\\/teslab.it\\\/en\\\/teslab-e-nicola-tesla\\\/\"]}]},{\"@type\":\"ImageObject\",\"inLanguage\":\"en-US\",\"@id\":\"https:\\\/\\\/teslab.it\\\/en\\\/teslab-e-nicola-tesla\\\/#primaryimage\",\"url\":\"https:\\\/\\\/teslab.it\\\/_mamawp\\\/wp-content\\\/uploads\\\/2015\\\/05\\\/tesla-nicola.jpg\",\"contentUrl\":\"https:\\\/\\\/teslab.it\\\/_mamawp\\\/wp-content\\\/uploads\\\/2015\\\/05\\\/tesla-nicola.jpg\",\"width\":1200,\"height\":1200},{\"@type\":\"BreadcrumbList\",\"@id\":\"https:\\\/\\\/teslab.it\\\/en\\\/teslab-e-nicola-tesla\\\/#breadcrumb\",\"itemListElement\":[{\"@type\":\"ListItem\",\"position\":1,\"name\":\"Home\",\"item\":\"https:\\\/\\\/teslab.it\\\/en\\\/\"},{\"@type\":\"ListItem\",\"position\":2,\"name\":\"TesLab and Nikola Tesla\"}]},{\"@type\":\"WebSite\",\"@id\":\"https:\\\/\\\/teslab.it\\\/en\\\/#website\",\"url\":\"https:\\\/\\\/teslab.it\\\/en\\\/\",\"name\":\"Teslab\",\"description\":\"Indipendent testing and consulting laboratory\",\"publisher\":{\"@id\":\"https:\\\/\\\/teslab.it\\\/en\\\/#organization\"},\"potentialAction\":[{\"@type\":\"SearchAction\",\"target\":{\"@type\":\"EntryPoint\",\"urlTemplate\":\"https:\\\/\\\/teslab.it\\\/en\\\/?s={search_term_string}\"},\"query-input\":{\"@type\":\"PropertyValueSpecification\",\"valueRequired\":true,\"valueName\":\"search_term_string\"}}],\"inLanguage\":\"en-US\"},{\"@type\":\"Organization\",\"@id\":\"https:\\\/\\\/teslab.it\\\/en\\\/#organization\",\"name\":\"Teslab\",\"url\":\"https:\\\/\\\/teslab.it\\\/en\\\/\",\"logo\":{\"@type\":\"ImageObject\",\"inLanguage\":\"en-US\",\"@id\":\"https:\\\/\\\/teslab.it\\\/en\\\/#\\\/schema\\\/logo\\\/image\\\/\",\"url\":\"https:\\\/\\\/teslab.it\\\/_mamawp\\\/wp-content\\\/uploads\\\/2022\\\/04\\\/screenshot-2-880x660-1.png\",\"contentUrl\":\"https:\\\/\\\/teslab.it\\\/_mamawp\\\/wp-content\\\/uploads\\\/2022\\\/04\\\/screenshot-2-880x660-1.png\",\"width\":880,\"height\":660,\"caption\":\"Teslab\"},\"image\":{\"@id\":\"https:\\\/\\\/teslab.it\\\/en\\\/#\\\/schema\\\/logo\\\/image\\\/\"}}]}<\/script>\n<!-- \/ Yoast SEO plugin. -->","yoast_head_json":{"title":"Teslab e Nikola Tesla","description":"In the year 2002 three employees of the Protecno laboratories of Pisa decided to exploit their experience in the field of testing to create their own","robots":{"index":"index","follow":"follow","max-snippet":"max-snippet:-1","max-image-preview":"max-image-preview:large","max-video-preview":"max-video-preview:-1"},"canonical":"https:\/\/teslab.it\/en\/teslab-e-nicola-tesla\/","og_locale":"en_US","og_type":"article","og_title":"Teslab e Nikola Tesla","og_description":"In the year 2002 three employees of the Protecno laboratories of Pisa decided to exploit their experience in the field of testing to create their own","og_url":"https:\/\/teslab.it\/en\/teslab-e-nicola-tesla\/","og_site_name":"Teslab","article_modified_time":"2018-06-27T11:33:45+00:00","og_image":[{"width":1200,"height":1200,"url":"https:\/\/teslab.it\/_mamawp\/wp-content\/uploads\/2015\/05\/tesla-nicola.jpg","type":"image\/jpeg"}],"twitter_card":"summary_large_image","twitter_misc":{"Est. reading time":"1 minute"},"schema":{"@context":"https:\/\/schema.org","@graph":[{"@type":"WebPage","@id":"https:\/\/teslab.it\/en\/teslab-e-nicola-tesla\/","url":"https:\/\/teslab.it\/en\/teslab-e-nicola-tesla\/","name":"Teslab e Nikola Tesla","isPartOf":{"@id":"https:\/\/teslab.it\/en\/#website"},"primaryImageOfPage":{"@id":"https:\/\/teslab.it\/en\/teslab-e-nicola-tesla\/#primaryimage"},"image":{"@id":"https:\/\/teslab.it\/en\/teslab-e-nicola-tesla\/#primaryimage"},"thumbnailUrl":"https:\/\/teslab.it\/_mamawp\/wp-content\/uploads\/2015\/05\/tesla-nicola.jpg","datePublished":"2015-05-23T07:40:46+00:00","dateModified":"2018-06-27T11:33:45+00:00","description":"In the year 2002 three employees of the Protecno laboratories of Pisa decided to exploit their experience in the field of testing to create their own","breadcrumb":{"@id":"https:\/\/teslab.it\/en\/teslab-e-nicola-tesla\/#breadcrumb"},"inLanguage":"en-US","potentialAction":[{"@type":"ReadAction","target":["https:\/\/teslab.it\/en\/teslab-e-nicola-tesla\/"]}]},{"@type":"ImageObject","inLanguage":"en-US","@id":"https:\/\/teslab.it\/en\/teslab-e-nicola-tesla\/#primaryimage","url":"https:\/\/teslab.it\/_mamawp\/wp-content\/uploads\/2015\/05\/tesla-nicola.jpg","contentUrl":"https:\/\/teslab.it\/_mamawp\/wp-content\/uploads\/2015\/05\/tesla-nicola.jpg","width":1200,"height":1200},{"@type":"BreadcrumbList","@id":"https:\/\/teslab.it\/en\/teslab-e-nicola-tesla\/#breadcrumb","itemListElement":[{"@type":"ListItem","position":1,"name":"Home","item":"https:\/\/teslab.it\/en\/"},{"@type":"ListItem","position":2,"name":"TesLab and Nikola Tesla"}]},{"@type":"WebSite","@id":"https:\/\/teslab.it\/en\/#website","url":"https:\/\/teslab.it\/en\/","name":"Teslab","description":"Indipendent testing and consulting laboratory","publisher":{"@id":"https:\/\/teslab.it\/en\/#organization"},"potentialAction":[{"@type":"SearchAction","target":{"@type":"EntryPoint","urlTemplate":"https:\/\/teslab.it\/en\/?s={search_term_string}"},"query-input":{"@type":"PropertyValueSpecification","valueRequired":true,"valueName":"search_term_string"}}],"inLanguage":"en-US"},{"@type":"Organization","@id":"https:\/\/teslab.it\/en\/#organization","name":"Teslab","url":"https:\/\/teslab.it\/en\/","logo":{"@type":"ImageObject","inLanguage":"en-US","@id":"https:\/\/teslab.it\/en\/#\/schema\/logo\/image\/","url":"https:\/\/teslab.it\/_mamawp\/wp-content\/uploads\/2022\/04\/screenshot-2-880x660-1.png","contentUrl":"https:\/\/teslab.it\/_mamawp\/wp-content\/uploads\/2022\/04\/screenshot-2-880x660-1.png","width":880,"height":660,"caption":"Teslab"},"image":{"@id":"https:\/\/teslab.it\/en\/#\/schema\/logo\/image\/"}}]}},"_links":{"self":[{"href":"https:\/\/teslab.it\/en\/wp-json\/wp\/v2\/pages\/803","targetHints":{"allow":["GET"]}}],"collection":[{"href":"https:\/\/teslab.it\/en\/wp-json\/wp\/v2\/pages"}],"about":[{"href":"https:\/\/teslab.it\/en\/wp-json\/wp\/v2\/types\/page"}],"author":[{"embeddable":true,"href":"https:\/\/teslab.it\/en\/wp-json\/wp\/v2\/users\/1"}],"replies":[{"embeddable":true,"href":"https:\/\/teslab.it\/en\/wp-json\/wp\/v2\/comments?post=803"}],"version-history":[{"count":0,"href":"https:\/\/teslab.it\/en\/wp-json\/wp\/v2\/pages\/803\/revisions"}],"wp:featuredmedia":[{"embeddable":true,"href":"https:\/\/teslab.it\/en\/wp-json\/wp\/v2\/media\/804"}],"wp:attachment":[{"href":"https:\/\/teslab.it\/en\/wp-json\/wp\/v2\/media?parent=803"}],"curies":[{"name":"wp","href":"https:\/\/api.w.org\/{rel}","templated":true}]}}